{"id":955,"date":"2023-04-21T11:52:07","date_gmt":"2023-04-21T09:52:07","guid":{"rendered":"https:\/\/www.sfint.fr\/demande-de-devis\/"},"modified":"2025-11-14T14:08:50","modified_gmt":"2025-11-14T13:08:50","slug":"request-a-quote","status":"publish","type":"page","link":"https:\/\/www.sfint.fr\/en\/request-a-quote\/","title":{"rendered":"Request a quote"},"content":{"rendered":"\t\t<div data-elementor-type=\"wp-page\" data-elementor-id=\"955\" class=\"elementor elementor-955 elementor-513\">\n\t\t\t\t\t\t<section class=\"elementor-section elementor-top-section elementor-element elementor-element-ea60fe4 elementor-section-stretched ts-col-stretched-none ts-bg-color-over-image elementor-section-boxed elementor-section-height-default elementor-section-height-default\" data-id=\"ea60fe4\" data-element_type=\"section\" data-e-type=\"section\" data-settings=\"{&quot;stretch_section&quot;:&quot;section-stretched&quot;}\">\n\t\t\t\t\t\t<div class=\"elementor-container elementor-column-gap-no\">\n\t\t\t\t\t<div class=\"elementor-column elementor-col-50 elementor-top-column elementor-element elementor-element-ab044f7 ts-bg-color-over-image\" data-id=\"ab044f7\" data-element_type=\"column\" data-e-type=\"column\">\n\t\t\t<div class=\"elementor-widget-wrap elementor-element-populated\">\n\t\t\t\t\t\t<div class=\"elementor-element elementor-element-fd4c4b7 elementor-widget elementor-widget-heading\" data-id=\"fd4c4b7\" data-element_type=\"widget\" data-e-type=\"widget\" data-widget_type=\"heading.default\">\n\t\t\t\t<div class=\"elementor-widget-container\">\n\t\t\t\t\t<h3 class=\"elementor-heading-title elementor-size-default\">SALES CONTACTS<\/h3>\t\t\t\t<\/div>\n\t\t\t\t<\/div>\n\t\t\t\t<div class=\"elementor-element elementor-element-0816eeb elementor-widget elementor-widget-text-editor\" data-id=\"0816eeb\" data-element_type=\"widget\" data-e-type=\"widget\" data-widget_type=\"text-editor.default\">\n\t\t\t\t<div class=\"elementor-widget-container\">\n\t\t\t\t\t\t\t\t\t<p>Our sales team is available to answer all of your questions.<\/p><p>Do not hesitate to contact them with any questions:<\/p>\t\t\t\t\t\t\t\t<\/div>\n\t\t\t\t<\/div>\n\t\t\t\t<section class=\"elementor-section elementor-inner-section elementor-element elementor-element-4d7e8f4 ts-ihbox-style-2-contact ts-col-stretched-none ts-bg-color-over-image elementor-section-boxed elementor-section-height-default elementor-section-height-default\" data-id=\"4d7e8f4\" data-element_type=\"section\" data-e-type=\"section\">\n\t\t\t\t\t\t<div class=\"elementor-container elementor-column-gap-no\">\n\t\t\t\t\t<div class=\"elementor-column elementor-col-50 elementor-inner-column elementor-element elementor-element-00df2de ts-bg-color-over-image\" data-id=\"00df2de\" data-element_type=\"column\" data-e-type=\"column\">\n\t\t\t<div class=\"elementor-widget-wrap elementor-element-populated\">\n\t\t\t\t\t\t<div class=\"elementor-element elementor-element-ef3ffb4 elementor-widget elementor-widget-ts_icon_heading\" data-id=\"ef3ffb4\" data-element_type=\"widget\" data-e-type=\"widget\" data-widget_type=\"ts_icon_heading.default\">\n\t\t\t\t<div class=\"elementor-widget-container\">\n\t\t\t\t\t\r\n\r\n<div class=\"ts-ihbox ts-ihbox-style-2 ts-ihbox-itype-icon\">\r\n\t<div class=\"ts-sbox-bgimage-layer ts-bgimage-layer\"><\/div>\r\n\t<div class=\"ts-ihbox-wrapper-bg-layer ts-bg-layer\"><\/div>\r\n\t\r\n\t<div class=\"ts-ihbox-inner\">\r\n\t\t<div class=\"ts-ihbox-icon ts-large-icon ts-icon-skincolor\">\r\n\t\t\t<div class=\"ts-ihbox-icon\"><div class=\"ts-ihbox-icon-wrapper\"><i class=\"ti ti-location-pin\"><\/i><\/div><\/div>\t\t<\/div>\r\n\r\n\t\t<div class=\"ts-ihbox-contents\">\r\n\t\t\t<h2 class=\"ts-ihbox-heading\">\r\n\t\t\t\t\t\r\n\t\t\t\t\t\tOUR ADDRESS\r\n\t\t\t\t\t\r\n\t\t\t\t\t<\/h2>\r\n\t\t\t\t\t\r\n\t\t\t\t\t\t\t<div class=\"ts-ihbox-content\">50, avenue de Grosbois<br>\n94440 Marolles-en-Brie<\/div>\t\t\t\t\t<\/div><!-- .ts-sbox-contents -->\r\n\t<\/div>\t\r\n<\/div>\r\n\r\n\t\t\t\t<\/div>\n\t\t\t\t<\/div>\n\t\t\t\t\t<\/div>\n\t\t<\/div>\n\t\t\t\t<div class=\"elementor-column elementor-col-50 elementor-inner-column elementor-element elementor-element-058123d ts-bg-color-over-image\" data-id=\"058123d\" data-element_type=\"column\" data-e-type=\"column\">\n\t\t\t<div class=\"elementor-widget-wrap elementor-element-populated\">\n\t\t\t\t\t\t<div class=\"elementor-element elementor-element-0fed07c elementor-widget elementor-widget-ts_icon_heading\" data-id=\"0fed07c\" data-element_type=\"widget\" data-e-type=\"widget\" data-widget_type=\"ts_icon_heading.default\">\n\t\t\t\t<div class=\"elementor-widget-container\">\n\t\t\t\t\t\r\n\r\n<div class=\"ts-ihbox ts-ihbox-style-2 ts-ihbox-itype-icon\">\r\n\t<div class=\"ts-sbox-bgimage-layer ts-bgimage-layer\"><\/div>\r\n\t<div class=\"ts-ihbox-wrapper-bg-layer ts-bg-layer\"><\/div>\r\n\t\r\n\t<div class=\"ts-ihbox-inner\">\r\n\t\t<div class=\"ts-ihbox-icon ts-large-icon ts-icon-skincolor\">\r\n\t\t\t<div class=\"ts-ihbox-icon\"><div class=\"ts-ihbox-icon-wrapper\"><i class=\"fas fa-phone-volume\"><\/i><\/div><\/div>\t\t<\/div>\r\n\r\n\t\t<div class=\"ts-ihbox-contents\">\r\n\t\t\t<h2 class=\"ts-ihbox-heading\">\r\n\t\t\t\t\t\r\n\t\t\t\t\t\tTELEPHONE\r\n\t\t\t\t\t\r\n\t\t\t\t\t<\/h2>\r\n\t\t\t\t\t\r\n\t\t\t\t\t\t\t<div class=\"ts-ihbox-content\">+33 1 43 86 04 52<\/div>\t\t\t\t\t<\/div><!-- .ts-sbox-contents -->\r\n\t<\/div>\t\r\n<\/div>\r\n\r\n\t\t\t\t<\/div>\n\t\t\t\t<\/div>\n\t\t\t\t\t<\/div>\n\t\t<\/div>\n\t\t\t\t\t<\/div>\n\t\t<\/section>\n\t\t\t\t<section class=\"elementor-section elementor-inner-section elementor-element elementor-element-4a311f1 ts-ihbox-style-2-contact ts-col-stretched-none ts-bg-color-over-image elementor-section-boxed elementor-section-height-default elementor-section-height-default\" data-id=\"4a311f1\" data-element_type=\"section\" data-e-type=\"section\">\n\t\t\t\t\t\t<div class=\"elementor-container elementor-column-gap-no\">\n\t\t\t\t\t<div class=\"elementor-column elementor-col-50 elementor-inner-column elementor-element elementor-element-58521fb ts-bg-color-over-image\" data-id=\"58521fb\" data-element_type=\"column\" data-e-type=\"column\">\n\t\t\t<div class=\"elementor-widget-wrap elementor-element-populated\">\n\t\t\t\t\t\t<div class=\"elementor-element elementor-element-6d1392f elementor-widget elementor-widget-ts_icon_heading\" data-id=\"6d1392f\" data-element_type=\"widget\" data-e-type=\"widget\" data-widget_type=\"ts_icon_heading.default\">\n\t\t\t\t<div class=\"elementor-widget-container\">\n\t\t\t\t\t\r\n\r\n<div class=\"ts-ihbox ts-ihbox-style-2 ts-ihbox-itype-icon\">\r\n\t<div class=\"ts-sbox-bgimage-layer ts-bgimage-layer\"><\/div>\r\n\t<div class=\"ts-ihbox-wrapper-bg-layer ts-bg-layer\"><\/div>\r\n\t\r\n\t<div class=\"ts-ihbox-inner\">\r\n\t\t<div class=\"ts-ihbox-icon ts-large-icon ts-icon-skincolor\">\r\n\t\t\t<div class=\"ts-ihbox-icon\"><div class=\"ts-ihbox-icon-wrapper\"><i class=\"ti ti-email\"><\/i><\/div><\/div>\t\t<\/div>\r\n\r\n\t\t<div class=\"ts-ihbox-contents\">\r\n\t\t\t<h2 class=\"ts-ihbox-heading\">\r\n\t\t\t\t\t\r\n\t\t\t\t\t\tEMAIL\r\n\t\t\t\t\t\r\n\t\t\t\t\t<\/h2>\r\n\t\t\t\t\t\r\n\t\t\t\t\t\t\t<div class=\"ts-ihbox-content\">contact@sfint.fr<\/div>\t\t\t\t\t<\/div><!-- .ts-sbox-contents -->\r\n\t<\/div>\t\r\n<\/div>\r\n\r\n\t\t\t\t<\/div>\n\t\t\t\t<\/div>\n\t\t\t\t\t<\/div>\n\t\t<\/div>\n\t\t\t\t<div class=\"elementor-column elementor-col-50 elementor-inner-column elementor-element elementor-element-7cab609 ts-bg-color-over-image\" data-id=\"7cab609\" data-element_type=\"column\" data-e-type=\"column\">\n\t\t\t<div class=\"elementor-widget-wrap elementor-element-populated\">\n\t\t\t\t\t\t<div class=\"elementor-element elementor-element-8c12913 elementor-widget elementor-widget-ts_icon_heading\" data-id=\"8c12913\" data-element_type=\"widget\" data-e-type=\"widget\" data-widget_type=\"ts_icon_heading.default\">\n\t\t\t\t<div class=\"elementor-widget-container\">\n\t\t\t\t\t\r\n\r\n<div class=\"ts-ihbox ts-ihbox-style-2 ts-ihbox-itype-icon\">\r\n\t<div class=\"ts-sbox-bgimage-layer ts-bgimage-layer\"><\/div>\r\n\t<div class=\"ts-ihbox-wrapper-bg-layer ts-bg-layer\"><\/div>\r\n\t\r\n\t<div class=\"ts-ihbox-inner\">\r\n\t\t<div class=\"ts-ihbox-icon ts-large-icon ts-icon-skincolor\">\r\n\t\t\t<div class=\"ts-ihbox-icon\"><div class=\"ts-ihbox-icon-wrapper\"><i class=\"fas fa-business-time\"><\/i><\/div><\/div>\t\t<\/div>\r\n\r\n\t\t<div class=\"ts-ihbox-contents\">\r\n\t\t\t<h2 class=\"ts-ihbox-heading\">\r\n\t\t\t\t\t\r\n\t\t\t\t\t\tWORKING HOURS \n\n\r\n\t\t\t\t\t\r\n\t\t\t\t\t<\/h2>\r\n\t\t\t\t\t\r\n\t\t\t\t\t\t\t<div class=\"ts-ihbox-content\">From Monday to Friday <br>\n09:00 to 17:00<\/div>\t\t\t\t\t<\/div><!-- .ts-sbox-contents -->\r\n\t<\/div>\t\r\n<\/div>\r\n\r\n\t\t\t\t<\/div>\n\t\t\t\t<\/div>\n\t\t\t\t\t<\/div>\n\t\t<\/div>\n\t\t\t\t\t<\/div>\n\t\t<\/section>\n\t\t\t\t\t<\/div>\n\t\t<\/div>\n\t\t\t\t<div class=\"elementor-column elementor-col-50 elementor-top-column elementor-element elementor-element-678f791 ts-bg-color-over-image\" data-id=\"678f791\" data-element_type=\"column\" data-e-type=\"column\">\n\t\t\t<div class=\"elementor-widget-wrap elementor-element-populated\">\n\t\t\t\t\t\t<div class=\"elementor-element elementor-element-8ae80df elementor-widget elementor-widget-heading\" data-id=\"8ae80df\" data-element_type=\"widget\" data-e-type=\"widget\" data-widget_type=\"heading.default\">\n\t\t\t\t<div class=\"elementor-widget-container\">\n\t\t\t\t\t<h3 class=\"elementor-heading-title elementor-size-default\">FORM<\/h3>\t\t\t\t<\/div>\n\t\t\t\t<\/div>\n\t\t\t\t<div class=\"elementor-element elementor-element-4112098 elementor-widget elementor-widget-text-editor\" data-id=\"4112098\" data-element_type=\"widget\" data-e-type=\"widget\" data-widget_type=\"text-editor.default\">\n\t\t\t\t<div class=\"elementor-widget-container\">\n\t\t\t\t\t\t\t\t\t<p>Fill out the form to request a quote for the services you want.<\/p>\t\t\t\t\t\t\t\t<\/div>\n\t\t\t\t<\/div>\n\t\t\t\t<div class=\"elementor-element elementor-element-ece3520 elementor-widget elementor-widget-shortcode\" data-id=\"ece3520\" data-element_type=\"widget\" data-e-type=\"widget\" data-widget_type=\"shortcode.default\">\n\t\t\t\t<div class=\"elementor-widget-container\">\n\t\t\t\t\t\t\t<div class=\"elementor-shortcode\">    <div id=\"hubspotForm\"><\/div>\n\n    <script data-jetpack-boost=\"ignore\" data-jetpack-boost=\"ignore\" charset=\"utf-8\" type=\"text\/javascript\" src=\"\/\/js-eu1.hsforms.net\/forms\/embed\/v2.js\"><\/script>\n    <script data-jetpack-boost=\"ignore\" data-jetpack-boost=\"ignore\">\n    hbspt.forms.create({\n        portalId: \"25234970\",\n        formId: \"49db993c-509e-4a8a-af94-ab40a6d6ef61\",\n        region: \"eu1\",\n        onFormReady: function($form) {\n\n            \/\/ Encadrement bloc 1\n            const fieldsets = $form[0].querySelectorAll('fieldset');\n            if (fieldsets.length >= 7) {\n                const wrapper1 = document.createElement('div');\n                wrapper1.className = 'custom-fieldset-wrapper';\n\n                for (let i = 0; i < 5; i++) {\n                    wrapper1.appendChild(fieldsets[i]);\n                }\n                $form[0].insertBefore(wrapper1, fieldsets[5]);\n            }\n\n            \/\/ Encadrement champ service\n            const targetDiv = $form[0].querySelector('.hs_sfint_service_required');\n            if (targetDiv) {\n                const wrapper = document.createElement('div');\n                wrapper.className = 'custom-fieldset-wrapper';\n                wrapper.style.margin = \"-15px 0px 1.75em\";\n\n                targetDiv.parentNode.insertBefore(wrapper, targetDiv);\n                wrapper.appendChild(targetDiv);\n            }\n\n            const titreService = $form[0].querySelector('div.titreService');\n            if (titreService) {\n                titreService.style.marginTop = \"25px\";\n                titreService.style.paddingLeft = \"10px\";\n                titreService.style.position = \"relative\";\n                titreService.style.backgroundColor = \"#FFF\";\n            }\n\n            \/\/ Fonctions utilitaires\n            function addClassToElement(selector, className) {\n                const element = $form[0].querySelector(selector);\n                if (element && !element.classList.contains(className)) {\n                    element.classList.add(className);\n                }\n            }\n\n            function addTitleStyle(elementID) {\n                const element = document.getElementById(elementID);\n                if (element) {\n                    element.style.paddingLeft = '10px';\n                    element.style.paddingRight = '10px'\n                    element.style.color = '#006FB6';\n                    element.style.fontFamily = 'Fira Sans, sans-serif';\n                    element.style.fontSize = '25px';\n                    element.style.fontWeight = '700';\n                    element.style.textTransform = 'uppercase';\n                    element.style.marginTop = '-25px';\n                    element.style.backgroundColor = '#FFF';\n                }\n            }\n\n            function addWrapper(startSelector, endSelector) {\n                const startEl = $form[0].querySelector(startSelector);\n                const endEl = $form[0].querySelector(endSelector);\n                if (startEl && endEl) {\n                    const wrapper = document.createElement('div');\n                    wrapper.className = 'custom-fieldset-wrapper';\n                    wrapper.id = 'dynamic-wrapper';\n                    wrapper.style.margin = \"40px 0px 1.75em\";\n\n                    \/\/ \u2705 Ajout du div hs-richtext comme premier enfant\n                    const richtextDiv = document.createElement('div');\n                    richtextDiv.className = 'hs-richtext hs-main-font-element';\n                    richtextDiv.style.marginTop = '-25px';\n                    richtextDiv.style.backgroundColor = '#FFF';\n                    richtextDiv.textContent = 'PURCHASE OF TEMPERATURE SENSOR';\n                    wrapper.appendChild(richtextDiv);\n\n                    \/\/ Ins\u00e8re le wrapper avant startEl\n                    startEl.parentNode.insertBefore(wrapper, startEl);\n\n                    \/\/ D\u00e9place les \u00e9l\u00e9ments dans le wrapper\n                    let currentEl = startEl;\n                    while (currentEl) {\n                        const nextEl = currentEl.nextElementSibling;\n                        wrapper.appendChild(currentEl);\n                        if (currentEl === endEl) break;\n                        currentEl = nextEl;\n                    }\n                }\n            }\n\n\n            function removeDynamicWrapper() {\n                const wrapper = $form[0].querySelector('#dynamic-wrapper');\n                if (wrapper) {\n                    const richtext = wrapper.querySelector('.hs-richtext.hs-main-font-element');\n                    if (richtext) {\n                        richtext.remove(); \/\/ \u2705 Supprime le titre\n                    }\n\n                    while (wrapper.firstChild) {\n                        wrapper.parentNode.insertBefore(wrapper.firstChild, wrapper);\n                    }\n                    wrapper.remove();\n                }\n            }\n\n\n\n            const selectElement = $form[0].querySelector('select[name=\"sfint_service_required\"]');\n            if (selectElement) {\n                selectElement.addEventListener('change', function () {\n                    \/\/console.log(\"le champ a chang\u00e9 :\", this.value);\n                    removeDynamicWrapper();\n\n                    if (this.value === \"Purchase of temperature sensor\") {\n                        \/\/console.log(\"la valeur du champ est :\", this.value);\n                        const observer = new MutationObserver((mutations, obs) => {\n                            const startExists = $form[0].querySelector('div.hs_type_of_thermocouple');\n                            const endExists = $form[0].querySelector('div.hs_calibration_points_or_coil_calibration');\n            \n                            if (startExists && endExists) {\n                                \/\/console.log(\"Les deux \u00e9l\u00e9ments sont maintenant pr\u00e9sents !\");\n                                addWrapper('div.hs_type_of_thermocouple', 'div.hs_calibration_points_or_coil_calibration');\n                                obs.disconnect(); \/\/ Arr\u00eater l'observation une fois que c\u2019est fait\n                            }\n                        });\n\n                        observer.observe($form[0], {\n                            childList: true,\n                            subtree: true\n                        });\n                    }\n                });\n            }\n\n            \/\/ Observer pour appliquer classes & styles\n            const observer = new MutationObserver(() => {\n                addClassToElement('div.hs_type_of_thermocouple', 'col-sm-6');\n                addClassToElement('div.hs_length_in_mm', 'col-sm-6');\n                addClassToElement('div.hs_diameter_in_mm', 'col-sm-6');\n                addClassToElement('div.hs_connection_type', 'col-sm-6');\n                addClassToElement('div.hs_type_of_sheath', 'col-sm-6');\n                addClassToElement('div.hs_tolerance', 'col-sm-6');\n                addClassToElement('div.hs_temperature_range_in_c', 'col-sm-6');\n                addClassToElement('div.hs_quantity', 'col-sm-6');\n                addClassToElement('div.hs_calibration__', 'col-sm-12');\n                addClassToElement('div.hs_details_about_on_site_control_and_adjustment', 'custom-fieldset-wrapper');\n                addClassToElement('div.hs_service', 'custom-fieldset-wrapper');\n                addClassToElement('div.hs_where_do_you_require_our_services_', 'custom-fieldset-wrapper');\n                addClassToElement('div.hs_upload_an_equipment_list', 'custom-fieldset-wrapper');\n                addClassToElement('div.hs_new_comment', 'custom-fieldset-wrapper');\n\n                addTitleStyle('label-service-49db993c-509e-4a8a-af94-ab40a6d6ef61');\n                addTitleStyle('label-where_do_you_require_our_services_-49db993c-509e-4a8a-af94-ab40a6d6ef61');\n                addTitleStyle('label-upload_an_equipment_list-49db993c-509e-4a8a-af94-ab40a6d6ef61');\n                addTitleStyle('label-new_comment-49db993c-509e-4a8a-af94-ab40a6d6ef61');\n                addTitleStyle('label-details_about_on_site_control_and_adjustment-49db993c-509e-4a8a-af94-ab40a6d6ef61');\n            });\n\n            observer.observe($form[0], {\n                childList: true,\n                subtree: true\n            });\n        }\n    });\n    <\/script>\n    <\/div>\n\t\t\t\t\t\t<\/div>\n\t\t\t\t<\/div>\n\t\t\t\t\t<\/div>\n\t\t<\/div>\n\t\t\t\t\t<\/div>\n\t\t<\/section>\n\t\t\t\t<\/div>\n\t\t","protected":false},"excerpt":{"rendered":"<p>SALES CONTACTS Our sales team is available to answer all of your questions. Do not hesitate to contact them with any questions: OUR ADDRESS 50, avenue de Grosbois 94440 Marolles-en-Brie TELEPHONE +33 1 43 86 04 52 EMAIL contact@sfint.fr WORKING HOURS From Monday to Friday 09:00 to 17:00 FORM Fill out the form to request &hellip; <a href=\"https:\/\/www.sfint.fr\/en\/request-a-quote\/\" class=\"more-link\" title=\"Continue reading <span class=\"screen-reader-text\">Request a quote<\/span>&#8220;>Continue reading <span class=\"screen-reader-text\">Request a quote<\/span><\/a><\/p>\n","protected":false},"author":6,"featured_media":0,"parent":0,"menu_order":28,"comment_status":"closed","ping_status":"closed","template":"","meta":{"content-type":"","footnotes":""},"class_list":["post-955","page","type-page","status-publish","hentry"],"yoast_head":"<!-- This site is optimized with the Yoast SEO plugin v27.5 - https:\/\/yoast.com\/product\/yoast-seo-wordpress\/ -->\n<title>Request a quote - SFINT<\/title>\n<meta name=\"robots\" content=\"index, follow, max-snippet:-1, max-image-preview:large, max-video-preview:-1\" \/>\n<link rel=\"canonical\" href=\"https:\/\/www.sfint.fr\/en\/request-a-quote\/\" \/>\n<meta property=\"og:locale\" content=\"en_US\" \/>\n<meta property=\"og:type\" content=\"article\" \/>\n<meta property=\"og:title\" content=\"Request a quote - SFINT\" \/>\n<meta property=\"og:description\" content=\"SALES CONTACTS Our sales team is available to answer all of your questions. Do not hesitate to contact them with any questions: OUR ADDRESS 50, avenue de Grosbois 94440 Marolles-en-Brie TELEPHONE +33 1 43 86 04 52 EMAIL contact@sfint.fr WORKING HOURS From Monday to Friday 09:00 to 17:00 FORM Fill out the form to request &hellip; Continue reading Request a quote\" \/>\n<meta property=\"og:url\" content=\"https:\/\/www.sfint.fr\/en\/request-a-quote\/\" \/>\n<meta property=\"og:site_name\" content=\"SFINT\" \/>\n<meta property=\"article:modified_time\" content=\"2025-11-14T13:08:50+00:00\" \/>\n<meta name=\"twitter:card\" content=\"summary_large_image\" \/>\n<script type=\"application\/ld+json\" class=\"yoast-schema-graph\">{\"@context\":\"https:\\\/\\\/schema.org\",\"@graph\":[{\"@type\":\"WebPage\",\"@id\":\"https:\\\/\\\/www.sfint.fr\\\/en\\\/request-a-quote\\\/\",\"url\":\"https:\\\/\\\/www.sfint.fr\\\/en\\\/request-a-quote\\\/\",\"name\":\"Request a quote - SFINT\",\"isPartOf\":{\"@id\":\"http:\\\/\\\/www.sfint.loc\\\/#website\"},\"datePublished\":\"2023-04-21T09:52:07+00:00\",\"dateModified\":\"2025-11-14T13:08:50+00:00\",\"breadcrumb\":{\"@id\":\"https:\\\/\\\/www.sfint.fr\\\/en\\\/request-a-quote\\\/#breadcrumb\"},\"inLanguage\":\"en-US\",\"potentialAction\":[{\"@type\":\"ReadAction\",\"target\":[\"https:\\\/\\\/www.sfint.fr\\\/en\\\/request-a-quote\\\/\"]}]},{\"@type\":\"BreadcrumbList\",\"@id\":\"https:\\\/\\\/www.sfint.fr\\\/en\\\/request-a-quote\\\/#breadcrumb\",\"itemListElement\":[{\"@type\":\"ListItem\",\"position\":1,\"name\":\"Home\",\"item\":\"https:\\\/\\\/www.sfint.fr\\\/en\\\/\"},{\"@type\":\"ListItem\",\"position\":2,\"name\":\"Request a quote\"}]},{\"@type\":\"WebSite\",\"@id\":\"http:\\\/\\\/www.sfint.loc\\\/#website\",\"url\":\"http:\\\/\\\/www.sfint.loc\\\/\",\"name\":\"SFINT\",\"description\":\"LA MA\u00ceTRISE THERMIQUE\",\"publisher\":{\"@id\":\"http:\\\/\\\/www.sfint.loc\\\/#organization\"},\"potentialAction\":[{\"@type\":\"SearchAction\",\"target\":{\"@type\":\"EntryPoint\",\"urlTemplate\":\"http:\\\/\\\/www.sfint.loc\\\/?s={search_term_string}\"},\"query-input\":{\"@type\":\"PropertyValueSpecification\",\"valueRequired\":true,\"valueName\":\"search_term_string\"}}],\"inLanguage\":\"en-US\"},{\"@type\":\"Organization\",\"@id\":\"http:\\\/\\\/www.sfint.loc\\\/#organization\",\"name\":\"SFINT\",\"url\":\"http:\\\/\\\/www.sfint.loc\\\/\",\"logo\":{\"@type\":\"ImageObject\",\"inLanguage\":\"en-US\",\"@id\":\"http:\\\/\\\/www.sfint.loc\\\/#\\\/schema\\\/logo\\\/image\\\/\",\"url\":\"https:\\\/\\\/www.sfint.fr\\\/wp-content\\\/uploads\\\/2024\\\/01\\\/SFINT_CIM.png\",\"contentUrl\":\"https:\\\/\\\/www.sfint.fr\\\/wp-content\\\/uploads\\\/2024\\\/01\\\/SFINT_CIM.png\",\"width\":500,\"height\":500,\"caption\":\"SFINT\"},\"image\":{\"@id\":\"http:\\\/\\\/www.sfint.loc\\\/#\\\/schema\\\/logo\\\/image\\\/\"},\"sameAs\":[\"https:\\\/\\\/fr.linkedin.com\\\/company\\\/sfint\"]}]}<\/script>\n<!-- \/ Yoast SEO plugin. -->","yoast_head_json":{"title":"Request a quote - SFINT","robots":{"index":"index","follow":"follow","max-snippet":"max-snippet:-1","max-image-preview":"max-image-preview:large","max-video-preview":"max-video-preview:-1"},"canonical":"https:\/\/www.sfint.fr\/en\/request-a-quote\/","og_locale":"en_US","og_type":"article","og_title":"Request a quote - SFINT","og_description":"SALES CONTACTS Our sales team is available to answer all of your questions. Do not hesitate to contact them with any questions: OUR ADDRESS 50, avenue de Grosbois 94440 Marolles-en-Brie TELEPHONE +33 1 43 86 04 52 EMAIL contact@sfint.fr WORKING HOURS From Monday to Friday 09:00 to 17:00 FORM Fill out the form to request &hellip; Continue reading Request a quote","og_url":"https:\/\/www.sfint.fr\/en\/request-a-quote\/","og_site_name":"SFINT","article_modified_time":"2025-11-14T13:08:50+00:00","twitter_card":"summary_large_image","schema":{"@context":"https:\/\/schema.org","@graph":[{"@type":"WebPage","@id":"https:\/\/www.sfint.fr\/en\/request-a-quote\/","url":"https:\/\/www.sfint.fr\/en\/request-a-quote\/","name":"Request a quote - SFINT","isPartOf":{"@id":"http:\/\/www.sfint.loc\/#website"},"datePublished":"2023-04-21T09:52:07+00:00","dateModified":"2025-11-14T13:08:50+00:00","breadcrumb":{"@id":"https:\/\/www.sfint.fr\/en\/request-a-quote\/#breadcrumb"},"inLanguage":"en-US","potentialAction":[{"@type":"ReadAction","target":["https:\/\/www.sfint.fr\/en\/request-a-quote\/"]}]},{"@type":"BreadcrumbList","@id":"https:\/\/www.sfint.fr\/en\/request-a-quote\/#breadcrumb","itemListElement":[{"@type":"ListItem","position":1,"name":"Home","item":"https:\/\/www.sfint.fr\/en\/"},{"@type":"ListItem","position":2,"name":"Request a quote"}]},{"@type":"WebSite","@id":"http:\/\/www.sfint.loc\/#website","url":"http:\/\/www.sfint.loc\/","name":"SFINT","description":"LA MA\u00ceTRISE THERMIQUE","publisher":{"@id":"http:\/\/www.sfint.loc\/#organization"},"potentialAction":[{"@type":"SearchAction","target":{"@type":"EntryPoint","urlTemplate":"http:\/\/www.sfint.loc\/?s={search_term_string}"},"query-input":{"@type":"PropertyValueSpecification","valueRequired":true,"valueName":"search_term_string"}}],"inLanguage":"en-US"},{"@type":"Organization","@id":"http:\/\/www.sfint.loc\/#organization","name":"SFINT","url":"http:\/\/www.sfint.loc\/","logo":{"@type":"ImageObject","inLanguage":"en-US","@id":"http:\/\/www.sfint.loc\/#\/schema\/logo\/image\/","url":"https:\/\/www.sfint.fr\/wp-content\/uploads\/2024\/01\/SFINT_CIM.png","contentUrl":"https:\/\/www.sfint.fr\/wp-content\/uploads\/2024\/01\/SFINT_CIM.png","width":500,"height":500,"caption":"SFINT"},"image":{"@id":"http:\/\/www.sfint.loc\/#\/schema\/logo\/image\/"},"sameAs":["https:\/\/fr.linkedin.com\/company\/sfint"]}]}},"_links":{"self":[{"href":"https:\/\/www.sfint.fr\/en\/wp-json\/wp\/v2\/pages\/955","targetHints":{"allow":["GET"]}}],"collection":[{"href":"https:\/\/www.sfint.fr\/en\/wp-json\/wp\/v2\/pages"}],"about":[{"href":"https:\/\/www.sfint.fr\/en\/wp-json\/wp\/v2\/types\/page"}],"author":[{"embeddable":true,"href":"https:\/\/www.sfint.fr\/en\/wp-json\/wp\/v2\/users\/6"}],"replies":[{"embeddable":true,"href":"https:\/\/www.sfint.fr\/en\/wp-json\/wp\/v2\/comments?post=955"}],"version-history":[{"count":19,"href":"https:\/\/www.sfint.fr\/en\/wp-json\/wp\/v2\/pages\/955\/revisions"}],"predecessor-version":[{"id":2455,"href":"https:\/\/www.sfint.fr\/en\/wp-json\/wp\/v2\/pages\/955\/revisions\/2455"}],"wp:attachment":[{"href":"https:\/\/www.sfint.fr\/en\/wp-json\/wp\/v2\/media?parent=955"}],"curies":[{"name":"wp","href":"https:\/\/api.w.org\/{rel}","templated":true}]}}